{"id":12,"date":"2021-10-05T15:39:21","date_gmt":"2021-10-05T13:39:21","guid":{"rendered":"https:\/\/www.normandieboissons.com\/?page_id=12"},"modified":"2021-11-30T13:10:08","modified_gmt":"2021-11-30T12:10:08","slug":"le-nouveau-e-mucem-ouvre-ses-portes-2","status":"publish","type":"page","link":"https:\/\/www.normandieboissons.com\/","title":{"rendered":""},"content":{"rendered":"\t\t<div data-elementor-type=\"wp-page\" data-elementor-id=\"12\" class=\"elementor elementor-12\" data-elementor-settings=\"[]\">\n\t\t\t\t\t\t\t<div class=\"elementor-section-wrap\">\n\t\t\t\t\t\t\t<section class=\"elementor-section elementor-top-section elementor-element elementor-element-6dded65 elementor-section-boxed elementor-section-height-default elementor-section-height-default\" data-id=\"6dded65\" data-element_type=\"section\">\n\t\t\t\t\t\t<div class=\"elementor-container elementor-column-gap-default\">\n\t\t\t\t\t<div class=\"elementor-column elementor-col-100 elementor-top-column elementor-element elementor-element-a6ce5c1\" data-id=\"a6ce5c1\" data-element_type=\"column\">\n\t\t\t<div class=\"elementor-widget-wrap elementor-element-populated\">\n\t\t\t\t\t\t\t\t<div class=\"elementor-element elementor-element-d8195a2 elementor-widget elementor-widget-image\" data-id=\"d8195a2\" data-element_type=\"widget\" data-widget_type=\"image.default\">\n\t\t\t\t<div class=\"elementor-widget-container\">\n\t\t\t\t\t\t\t\t\t\t\t\t\t\t\t<img loading=\"lazy\" decoding=\"async\" width=\"640\" height=\"171\" src=\"https:\/\/www.normandieboissons.com\/wp-content\/uploads\/2021\/11\/257784676_3108801336108986_4032391792362326452_n-1024x273.jpg\" class=\"attachment-large size-large\" alt=\"\" srcset=\"https:\/\/www.normandieboissons.com\/wp-content\/uploads\/2021\/11\/257784676_3108801336108986_4032391792362326452_n-1024x273.jpg 1024w, https:\/\/www.normandieboissons.com\/wp-content\/uploads\/2021\/11\/257784676_3108801336108986_4032391792362326452_n-300x80.jpg 300w, https:\/\/www.normandieboissons.com\/wp-content\/uploads\/2021\/11\/257784676_3108801336108986_4032391792362326452_n-768x205.jpg 768w, https:\/\/www.normandieboissons.com\/wp-content\/uploads\/2021\/11\/257784676_3108801336108986_4032391792362326452_n-1536x409.jpg 1536w, https:\/\/www.normandieboissons.com\/wp-content\/uploads\/2021\/11\/257784676_3108801336108986_4032391792362326452_n-2048x546.jpg 2048w, https:\/\/www.normandieboissons.com\/wp-content\/uploads\/2021\/11\/257784676_3108801336108986_4032391792362326452_n-1568x418.jpg 1568w\" sizes=\"auto, (max-width: 34.9rem) calc(100vw - 2rem), (max-width: 53rem) calc(8 * (100vw \/ 12)), (min-width: 53rem) calc(6 * (100vw \/ 12)), 100vw\" \/>\t\t\t\t\t\t\t\t\t\t\t\t\t\t\t<\/div>\n\t\t\t\t<\/div>\n\t\t\t\t\t<\/div>\n\t\t<\/div>\n\t\t\t\t\t\t\t<\/div>\n\t\t<\/section>\n\t\t\t\t<section class=\"elementor-section elementor-top-section elementor-element elementor-element-9a4f75e elementor-section-boxed elementor-section-height-default elementor-section-height-default\" data-id=\"9a4f75e\" data-element_type=\"section\">\n\t\t\t\t\t\t<div class=\"elementor-container elementor-column-gap-default\">\n\t\t\t\t\t<div class=\"elementor-column elementor-col-100 elementor-top-column elementor-element elementor-element-3c5ed350\" data-id=\"3c5ed350\" data-element_type=\"column\">\n\t\t\t<div class=\"elementor-widget-wrap elementor-element-populated\">\n\t\t\t\t\t\t\t\t<div class=\"elementor-element elementor-element-5774ba7 elementor-widget elementor-widget-image\" data-id=\"5774ba7\" data-element_type=\"widget\" data-widget_type=\"image.default\">\n\t\t\t\t<div class=\"elementor-widget-container\">\n\t\t\t\t\t\t\t\t\t\t\t\t\t\t\t<img loading=\"lazy\" decoding=\"async\" width=\"640\" height=\"276\" src=\"https:\/\/www.normandieboissons.com\/wp-content\/uploads\/2021\/10\/slide_biere-1-1024x441.jpg\" class=\"attachment-large size-large\" alt=\"\" srcset=\"https:\/\/www.normandieboissons.com\/wp-content\/uploads\/2021\/10\/slide_biere-1-1024x441.jpg 1024w, https:\/\/www.normandieboissons.com\/wp-content\/uploads\/2021\/10\/slide_biere-1-300x129.jpg 300w, https:\/\/www.normandieboissons.com\/wp-content\/uploads\/2021\/10\/slide_biere-1-768x331.jpg 768w, https:\/\/www.normandieboissons.com\/wp-content\/uploads\/2021\/10\/slide_biere-1-1536x662.jpg 1536w, https:\/\/www.normandieboissons.com\/wp-content\/uploads\/2021\/10\/slide_biere-1-1200x517.jpg 1200w, https:\/\/www.normandieboissons.com\/wp-content\/uploads\/2021\/10\/slide_biere-1.jpg 1920w\" sizes=\"auto, (max-width: 34.9rem) calc(100vw - 2rem), (max-width: 53rem) calc(8 * (100vw \/ 12)), (min-width: 53rem) calc(6 * (100vw \/ 12)), 100vw\" \/>\t\t\t\t\t\t\t\t\t\t\t\t\t\t\t<\/div>\n\t\t\t\t<\/div>\n\t\t\t\t<div class=\"elementor-element elementor-element-de418bb elementor-widget elementor-widget-text-editor\" data-id=\"de418bb\" data-element_type=\"widget\" data-widget_type=\"text-editor.default\">\n\t\t\t\t<div class=\"elementor-widget-container\">\n\t\t\t\t\t\t\t<!-- wp:group {\"align\":\"wide\"} -->\n<div class=\"wp-block-group alignwide\"><!-- wp:image {\"align\":\"full\",\"id\":77,\"sizeSlug\":\"large\",\"linkDestination\":\"none\"} -->\n<figure class=\"wp-block-image alignfull size-large\"><\/figure>\n<!-- \/wp:image --><!-- wp:heading {\"textAlign\":\"center\"} -->\n<h2 class=\"has-text-align-center\">Le grossiste \u00e0 l&rsquo;\u00e9coute de vos besoins<\/h2>\n<!-- \/wp:heading --><\/div>\n<!-- \/wp:group --><!-- wp:group {\"align\":\"wide\"} -->\n<div class=\"wp-block-group alignwide\">\u00a0<\/div>\n<!-- \/wp:group --><!-- wp:columns {\"align\":\"wide\"} -->\n<div class=\"wp-block-columns alignwide\"><!-- wp:column -->\n<div class=\"wp-block-column\"><!-- wp:group -->\n<div class=\"wp-block-group\"><!-- wp:heading {\"level\":3} -->\n<h3>Les bi\u00e8res Bouteilles<\/h3>\n<!-- \/wp:heading --><!-- wp:image {\"id\":74,\"sizeSlug\":\"full\",\"linkDestination\":\"none\"} -->\n<figure class=\"wp-block-image size-full\"><img loading=\"lazy\" decoding=\"async\" width=\"284\" height=\"177\" class=\"wp-image-74\" src=\"https:\/\/www.normandieboissons.com\/wp-content\/uploads\/2021\/10\/telechargement-3.jpg\" alt=\"\" \/><\/figure>\n<!-- \/wp:image --><!-- wp:paragraph -->\n<p>D\u00e9couvrez nos diff\u00e9rentes bi\u00e8res bouteilles<\/p>\n<!-- \/wp:paragraph --><!-- wp:button {\"className\":\"is-style-outline\"} -->\n<div class=\"wp-block-button is-style-outline\"><a class=\"wp-block-button__link\" href=\"https:\/\/www.normandieboissons.com\/?page_id=86\">Lire la suite<\/a><\/div>\n<!-- \/wp:button --><!-- wp:paragraph -->\n<p>\u00a0<\/p>\n<!-- \/wp:paragraph --><\/div>\n<!-- \/wp:group --><!-- wp:group -->\n<div class=\"wp-block-group\"><!-- wp:heading {\"level\":3} -->\n<h3>Location de tireuse<\/h3>\n<!-- \/wp:heading --><!-- wp:image {\"id\":76,\"sizeSlug\":\"full\",\"linkDestination\":\"none\"} -->\n<figure class=\"wp-block-image size-full\"><img loading=\"lazy\" decoding=\"async\" width=\"225\" height=\"225\" class=\"wp-image-76\" src=\"https:\/\/www.normandieboissons.com\/wp-content\/uploads\/2021\/10\/telechargement-2-1.jpg\" alt=\"\" srcset=\"https:\/\/www.normandieboissons.com\/wp-content\/uploads\/2021\/10\/telechargement-2-1.jpg 225w, https:\/\/www.normandieboissons.com\/wp-content\/uploads\/2021\/10\/telechargement-2-1-150x150.jpg 150w\" sizes=\"auto, (max-width: 225px) 100vw, 225px\" \/><\/figure>\n<!-- \/wp:image --><!-- wp:paragraph -->\n<p>Location Tireuse pour les Particuliers, Professionnels, Associations<\/p>\n<!-- \/wp:paragraph --><!-- wp:button {\"className\":\"is-style-outline\"} -->\n<div class=\"wp-block-button is-style-outline\"><a class=\"wp-block-button__link\" href=\"https:\/\/www.normandieboissons.com\/?page_id=86\">Lire la suite<\/a><\/div>\n<!-- \/wp:button --><\/div>\n<!-- \/wp:group --><\/div>\n<!-- \/wp:column --><!-- wp:column -->\n<div class=\"wp-block-column\"><!-- wp:group -->\n<div class=\"wp-block-group\"><!-- wp:heading {\"level\":3} -->\n<h3>Les bi\u00e8res en f\u00fbts<\/h3>\n<!-- \/wp:heading --><!-- wp:image {\"id\":75,\"sizeSlug\":\"full\",\"linkDestination\":\"none\"} -->\n<figure class=\"wp-block-image size-full\"><img loading=\"lazy\" decoding=\"async\" width=\"281\" height=\"180\" class=\"wp-image-75\" src=\"https:\/\/www.normandieboissons.com\/wp-content\/uploads\/2021\/10\/telechargement-1-1.jpg\" alt=\"\" \/><\/figure>\n<!-- \/wp:image --><!-- wp:paragraph -->\n<p>D\u00e9couvrez nos diff\u00e9rents F\u00fbts 20L \/ 30L<\/p>\n<!-- \/wp:paragraph --><!-- wp:button {\"className\":\"is-style-outline\"} -->\n<div class=\"wp-block-button is-style-outline\"><a class=\"wp-block-button__link\" href=\"https:\/\/www.normandieboissons.com\/?page_id=86\">Lire la suite<\/a><\/div>\n<!-- \/wp:button --><\/div>\n<!-- \/wp:group --><!-- wp:group -->\n<div class=\"wp-block-group\">\u00a0<\/div>\n<!-- \/wp:group --><\/div>\n<!-- \/wp:column --><\/div>\n<!-- \/wp:columns --><!-- wp:group {\"align\":\"wide\"} -->\n<div class=\"wp-block-group alignwide\"><!-- wp:image {\"id\":17,\"sizeSlug\":\"large\",\"linkDestination\":\"none\"} -->\n<figure class=\"wp-block-image size-large\"><img loading=\"lazy\" decoding=\"async\" width=\"1024\" height=\"441\" class=\"wp-image-17\" src=\"https:\/\/www.normandieboissons.com\/wp-content\/uploads\/2021\/10\/slide_biere-1024x441.jpg\" alt=\"\" srcset=\"https:\/\/www.normandieboissons.com\/wp-content\/uploads\/2021\/10\/slide_biere-1024x441.jpg 1024w, https:\/\/www.normandieboissons.com\/wp-content\/uploads\/2021\/10\/slide_biere-300x129.jpg 300w, https:\/\/www.normandieboissons.com\/wp-content\/uploads\/2021\/10\/slide_biere-768x331.jpg 768w, https:\/\/www.normandieboissons.com\/wp-content\/uploads\/2021\/10\/slide_biere-1536x662.jpg 1536w, https:\/\/www.normandieboissons.com\/wp-content\/uploads\/2021\/10\/slide_biere-1200x517.jpg 1200w, https:\/\/www.normandieboissons.com\/wp-content\/uploads\/2021\/10\/slide_biere.jpg 1920w\" sizes=\"auto, (max-width: 1024px) 100vw, 1024px\" \/><\/figure>\n<!-- \/wp:image --><\/div>\n<!-- \/wp:group --><!-- wp:paragraph -->\n<p>Normandie Boissons c&rsquo;est la r\u00e9f\u00e9rence des grossistes de boissons en Normandie, particuli\u00e8rement pour la vente en gros de bi\u00e8res en bouteilles ou de bi\u00e8res en f\u00fbts.<\/p>\n<!-- \/wp:paragraph --><!-- wp:paragraph -->\n<p>La plupart de nos f\u00fbts de bi\u00e8res sont de 20L ou 30L mais nous pouvons vous procurer d&rsquo;autre tailles en fonction de nos artisans et de leurs proc\u00e9d\u00e9s de brassage et de mise en f\u00fbt.<\/p>\n<!-- \/wp:paragraph --><!-- wp:paragraph -->\n<p>Si vous cherchez un revendeur de boissons alcoolis\u00e9s et plus particuli\u00e8rement la bi\u00e8re, vous \u00eates au bon endroit. Fort de son succ\u00e8s dans le milieu des bars, Normandie Boissons peut aussi fournir des prestations aux particuliers. Comme la location de f\u00fbt \u00e0 bi\u00e8res ou lors d&rsquo;\u00e9v\u00e8nements comme les mariages ou les anniversaires. Les associations sont elles-aussi les bienvenus.<\/p>\n<!-- \/wp:paragraph --><!-- wp:paragraph -->\n<p>Si vous \u00eates fan de houblon, orge et de malt fait en brasserie locale ou de nos pays voisins, voire m\u00eame les plus recul\u00e9s, \u00e0 diff\u00e9rents degr\u00e9s d&rsquo;alcool, venez d\u00e9couvrir notre s\u00e9lection de boissons en gros.<\/p>\n<!-- \/wp:paragraph --><!-- wp:paragraph -->\n<p>Acheter en gros pour tout \u00e9v\u00e8nements, que vous soyez professionnel ou particuliers, n&rsquo;a jamais \u00e9t\u00e9 aussi simple ! N&rsquo;h\u00e9sitez pas \u00e0 contacter votre grossiste en bi\u00e8res.<\/p>\n<!-- \/wp:paragraph --><!-- wp:image -->\n<figure class=\"wp-block-image\"><img alt=\"\" \/><\/figure>\n<!-- \/wp:image --><!-- wp:image -->\n<figure class=\"wp-block-image\"><img alt=\"\" \/><\/figure>\n<!-- \/wp:image --><!-- wp:image -->\n<figure class=\"wp-block-image\"><img alt=\"\" \/><\/figure>\n<!-- \/wp:image --><!-- wp:image -->\n<figure class=\"wp-block-image\"><img alt=\"\" \/><\/figure>\n<!-- \/wp:image --><!-- wp:image -->\n<figure class=\"wp-block-image\"><img alt=\"\" \/><\/figure>\n<!-- \/wp:image --><!-- wp:image -->\n<figure class=\"wp-block-image\"><img alt=\"\" \/><\/figure>\n<!-- \/wp:image --><!-- wp:image -->\n<figure class=\"wp-block-image\"><img alt=\"\" \/><\/figure>\n<!-- \/wp:image -->\t\t\t\t\t\t<\/div>\n\t\t\t\t<\/div>\n\t\t\t\t\t<\/div>\n\t\t<\/div>\n\t\t\t\t\t\t\t<\/div>\n\t\t<\/section>\n\t\t\t\t<section class=\"elementor-section elementor-top-section elementor-element elementor-element-9ae211f elementor-section-boxed elementor-section-height-default elementor-section-height-default\" data-id=\"9ae211f\" data-element_type=\"section\">\n\t\t\t\t\t\t<div class=\"elementor-container elementor-column-gap-default\">\n\t\t\t\t\t<div class=\"elementor-column elementor-col-100 elementor-top-column elementor-element elementor-element-9b8a565\" data-id=\"9b8a565\" data-element_type=\"column\">\n\t\t\t<div class=\"elementor-widget-wrap elementor-element-populated\">\n\t\t\t\t\t\t\t\t<div class=\"elementor-element elementor-element-7fd3f6f elementor-widget elementor-widget-image\" data-id=\"7fd3f6f\" data-element_type=\"widget\" data-widget_type=\"image.default\">\n\t\t\t\t<div class=\"elementor-widget-container\">\n\t\t\t\t\t\t\t\t\t\t\t\t\t\t\t<img loading=\"lazy\" decoding=\"async\" width=\"258\" height=\"300\" src=\"https:\/\/www.normandieboissons.com\/wp-content\/uploads\/2021\/11\/257733359_436000944717611_4047289220644243560_n-258x300.jpg\" class=\"attachment-medium size-medium\" alt=\"\" srcset=\"https:\/\/www.normandieboissons.com\/wp-content\/uploads\/2021\/11\/257733359_436000944717611_4047289220644243560_n-258x300.jpg 258w, https:\/\/www.normandieboissons.com\/wp-content\/uploads\/2021\/11\/257733359_436000944717611_4047289220644243560_n.jpg 608w\" sizes=\"auto, (max-width: 34.9rem) calc(100vw - 2rem), (max-width: 53rem) calc(8 * (100vw \/ 12)), (min-width: 53rem) calc(6 * (100vw \/ 12)), 100vw\" \/>\t\t\t\t\t\t\t\t\t\t\t\t\t\t\t<\/div>\n\t\t\t\t<\/div>\n\t\t\t\t\t<\/div>\n\t\t<\/div>\n\t\t\t\t\t\t\t<\/div>\n\t\t<\/section>\n\t\t\t\t\t\t<\/div>\n\t\t\t\t\t<\/div>\n\t\t","protected":false},"excerpt":{"rendered":"<p>Le grossiste \u00e0 l&rsquo;\u00e9coute de vos besoins \u00a0 Les bi\u00e8res Bouteilles D\u00e9couvrez nos diff\u00e9rentes bi\u00e8res bouteilles \u00a0 Location de tireuse Location Tireuse pour les Particuliers, Professionnels, Associations Les bi\u00e8res en f\u00fbts D\u00e9couvrez nos diff\u00e9rents F\u00fbts 20L \/ 30L \u00a0 Normandie Boissons c&rsquo;est la r\u00e9f\u00e9rence des grossistes de boissons en Normandie, particuli\u00e8rement pour la vente en &hellip; <\/p>\n<p class=\"link-more\"><a href=\"https:\/\/www.normandieboissons.com\/\" class=\"more-link\">Continuer la lecture <span class=\"screen-reader-text\"> \u00ab\u00a0\u00a0\u00bb<\/span><\/a><\/p>\n","protected":false},"author":1,"featured_media":0,"parent":0,"menu_order":0,"comment_status":"closed","ping_status":"closed","template":"","meta":{"footnotes":""},"class_list":["post-12","page","type-page","status-publish","hentry","entry"],"_links":{"self":[{"href":"https:\/\/www.normandieboissons.com\/index.php?rest_route=\/wp\/v2\/pages\/12","targetHints":{"allow":["GET"]}}],"collection":[{"href":"https:\/\/www.normandieboissons.com\/index.php?rest_route=\/wp\/v2\/pages"}],"about":[{"href":"https:\/\/www.normandieboissons.com\/index.php?rest_route=\/wp\/v2\/types\/page"}],"author":[{"embeddable":true,"href":"https:\/\/www.normandieboissons.com\/index.php?rest_route=\/wp\/v2\/users\/1"}],"replies":[{"embeddable":true,"href":"https:\/\/www.normandieboissons.com\/index.php?rest_route=%2Fwp%2Fv2%2Fcomments&post=12"}],"version-history":[{"count":28,"href":"https:\/\/www.normandieboissons.com\/index.php?rest_route=\/wp\/v2\/pages\/12\/revisions"}],"predecessor-version":[{"id":353,"href":"https:\/\/www.normandieboissons.com\/index.php?rest_route=\/wp\/v2\/pages\/12\/revisions\/353"}],"wp:attachment":[{"href":"https:\/\/www.normandieboissons.com\/index.php?rest_route=%2Fwp%2Fv2%2Fmedia&parent=12"}],"curies":[{"name":"wp","href":"https:\/\/api.w.org\/{rel}","templated":true}]}}